{"id":11879,"date":"2025-05-23T19:42:38","date_gmt":"2025-05-23T19:42:38","guid":{"rendered":"https:\/\/celsonido123.com\/?post_type=product&#038;p=11879"},"modified":"2025-05-23T19:42:38","modified_gmt":"2025-05-23T19:42:38","slug":"movisun-osom-lite-oseo","status":"publish","type":"product","link":"https:\/\/celsonido123.com\/index.php\/product\/movisun-osom-lite-oseo\/","title":{"rendered":"Movisun Osom Lite Oseo"},"content":{"rendered":"<p>Los Aud\u00edfonos OSOM LITE de conducci\u00f3n \u00f3sea te ofrecen una experiencia sonora \u00fanica sin bloquear tus o\u00eddos, ideales para escuchar m\u00fasica o atender llamadas mientras te mantienes conectado con tu entorno.<\/p>\n","protected":false},"excerpt":{"rendered":"<p>Los Aud\u00edfonos OSOM LITE de conducci\u00f3n \u00f3sea te ofrecen una experiencia sonora \u00fanica sin bloquear tus o\u00eddos, ideales para escuchar<\/p>\n","protected":false},"featured_media":11880,"comment_status":"open","ping_status":"closed","template":"","meta":[],"product_cat":[83],"product_tag":[],"_links":{"self":[{"href":"https:\/\/celsonido123.com\/index.php\/wp-json\/wp\/v2\/product\/11879"}],"collection":[{"href":"https:\/\/celsonido123.com\/index.php\/wp-json\/wp\/v2\/product"}],"about":[{"href":"https:\/\/celsonido123.com\/index.php\/wp-json\/wp\/v2\/types\/product"}],"replies":[{"embeddable":true,"href":"https:\/\/celsonido123.com\/index.php\/wp-json\/wp\/v2\/comments?post=11879"}],"version-history":[{"count":1,"href":"https:\/\/celsonido123.com\/index.php\/wp-json\/wp\/v2\/product\/11879\/revisions"}],"predecessor-version":[{"id":11881,"href":"https:\/\/celsonido123.com\/index.php\/wp-json\/wp\/v2\/product\/11879\/revisions\/11881"}],"wp:featuredmedia":[{"embeddable":true,"href":"https:\/\/celsonido123.com\/index.php\/wp-json\/wp\/v2\/media\/11880"}],"wp:attachment":[{"href":"https:\/\/celsonido123.com\/index.php\/wp-json\/wp\/v2\/media?parent=11879"}],"wp:term":[{"taxonomy":"product_cat","embeddable":true,"href":"https:\/\/celsonido123.com\/index.php\/wp-json\/wp\/v2\/product_cat?post=11879"},{"taxonomy":"product_tag","embeddable":true,"href":"https:\/\/celsonido123.com\/index.php\/wp-json\/wp\/v2\/product_tag?post=11879"}],"curies":[{"name":"wp","href":"https:\/\/api.w.org\/{rel}","templated":true}]}}