{"id":11882,"date":"2025-05-23T19:44:46","date_gmt":"2025-05-23T19:44:46","guid":{"rendered":"https:\/\/celsonido123.com\/?post_type=product&#038;p=11882"},"modified":"2025-05-23T19:44:47","modified_gmt":"2025-05-23T19:44:47","slug":"diadema-movisun-gamer","status":"publish","type":"product","link":"https:\/\/celsonido123.com\/index.php\/product\/diadema-movisun-gamer\/","title":{"rendered":"Diadema Movisun Gamer"},"content":{"rendered":"<p>Aud\u00edfonos Diadema Gamer Movisun KG-100 con sonido envolvente, micr\u00f3fono de alta definici\u00f3n, dise\u00f1o c\u00f3modo y compatibles con PC, consolas y celular. \u00a1Listos para jugar, estudiar o trabajar con estilo<\/p>\n","protected":false},"excerpt":{"rendered":"<p>Aud\u00edfonos Diadema Gamer Movisun KG-100 con sonido envolvente, micr\u00f3fono de alta definici\u00f3n, dise\u00f1o c\u00f3modo y compatibles con PC, consolas y<\/p>\n","protected":false},"featured_media":11883,"comment_status":"open","ping_status":"closed","template":"","meta":[],"product_cat":[83],"product_tag":[],"_links":{"self":[{"href":"https:\/\/celsonido123.com\/index.php\/wp-json\/wp\/v2\/product\/11882"}],"collection":[{"href":"https:\/\/celsonido123.com\/index.php\/wp-json\/wp\/v2\/product"}],"about":[{"href":"https:\/\/celsonido123.com\/index.php\/wp-json\/wp\/v2\/types\/product"}],"replies":[{"embeddable":true,"href":"https:\/\/celsonido123.com\/index.php\/wp-json\/wp\/v2\/comments?post=11882"}],"version-history":[{"count":1,"href":"https:\/\/celsonido123.com\/index.php\/wp-json\/wp\/v2\/product\/11882\/revisions"}],"predecessor-version":[{"id":11884,"href":"https:\/\/celsonido123.com\/index.php\/wp-json\/wp\/v2\/product\/11882\/revisions\/11884"}],"wp:featuredmedia":[{"embeddable":true,"href":"https:\/\/celsonido123.com\/index.php\/wp-json\/wp\/v2\/media\/11883"}],"wp:attachment":[{"href":"https:\/\/celsonido123.com\/index.php\/wp-json\/wp\/v2\/media?parent=11882"}],"wp:term":[{"taxonomy":"product_cat","embeddable":true,"href":"https:\/\/celsonido123.com\/index.php\/wp-json\/wp\/v2\/product_cat?post=11882"},{"taxonomy":"product_tag","embeddable":true,"href":"https:\/\/celsonido123.com\/index.php\/wp-json\/wp\/v2\/product_tag?post=11882"}],"curies":[{"name":"wp","href":"https:\/\/api.w.org\/{rel}","templated":true}]}}