{"id":11885,"date":"2025-05-23T20:41:52","date_gmt":"2025-05-23T20:41:52","guid":{"rendered":"https:\/\/celsonido123.com\/?post_type=product&#038;p=11885"},"modified":"2025-05-23T20:41:53","modified_gmt":"2025-05-23T20:41:53","slug":"diadema-movisun-k-20","status":"publish","type":"product","link":"https:\/\/celsonido123.com\/index.php\/product\/diadema-movisun-k-20\/","title":{"rendered":"Diadema Movisun K-20"},"content":{"rendered":"<div class=\"woocommerce-product-details__short-description\">\n<p>Disfruta de tu m\u00fasica favorita durante 22 horas mientras trabajas o entrenas, su dise\u00f1o ergon\u00f3mico y delgado brindan una comodidad de otro mundo.<\/p>\n<p>&nbsp;<\/p>\n<p>Bluetooth versi\u00f3n: 5.1<br \/>\nRanura par MICRO SD<br \/>\nCapacidad de bater\u00eda: 500 mAh<br \/>\nTiempo de espera: Hasta 120 Horas.<br \/>\nTiempo de carga: 2 horas<br \/>\nSoporte Entrada AUX<br \/>\nAlmohadillas recubiertas<br \/>\nEntrada de carga: Tipo C<\/p>\n<\/div>\n","protected":false},"excerpt":{"rendered":"<p>Disfruta de tu m\u00fasica favorita durante 22 horas mientras trabajas o entrenas, su dise\u00f1o ergon\u00f3mico y delgado brindan una comodidad<\/p>\n","protected":false},"featured_media":11886,"comment_status":"open","ping_status":"closed","template":"","meta":[],"product_cat":[83],"product_tag":[],"_links":{"self":[{"href":"https:\/\/celsonido123.com\/index.php\/wp-json\/wp\/v2\/product\/11885"}],"collection":[{"href":"https:\/\/celsonido123.com\/index.php\/wp-json\/wp\/v2\/product"}],"about":[{"href":"https:\/\/celsonido123.com\/index.php\/wp-json\/wp\/v2\/types\/product"}],"replies":[{"embeddable":true,"href":"https:\/\/celsonido123.com\/index.php\/wp-json\/wp\/v2\/comments?post=11885"}],"version-history":[{"count":1,"href":"https:\/\/celsonido123.com\/index.php\/wp-json\/wp\/v2\/product\/11885\/revisions"}],"predecessor-version":[{"id":11887,"href":"https:\/\/celsonido123.com\/index.php\/wp-json\/wp\/v2\/product\/11885\/revisions\/11887"}],"wp:featuredmedia":[{"embeddable":true,"href":"https:\/\/celsonido123.com\/index.php\/wp-json\/wp\/v2\/media\/11886"}],"wp:attachment":[{"href":"https:\/\/celsonido123.com\/index.php\/wp-json\/wp\/v2\/media?parent=11885"}],"wp:term":[{"taxonomy":"product_cat","embeddable":true,"href":"https:\/\/celsonido123.com\/index.php\/wp-json\/wp\/v2\/product_cat?post=11885"},{"taxonomy":"product_tag","embeddable":true,"href":"https:\/\/celsonido123.com\/index.php\/wp-json\/wp\/v2\/product_tag?post=11885"}],"curies":[{"name":"wp","href":"https:\/\/api.w.org\/{rel}","templated":true}]}}