{"id":11891,"date":"2025-05-23T20:45:39","date_gmt":"2025-05-23T20:45:39","guid":{"rendered":"https:\/\/celsonido123.com\/?post_type=product&#038;p=11891"},"modified":"2025-05-23T20:45:39","modified_gmt":"2025-05-23T20:45:39","slug":"diademas-movisun-k-50","status":"publish","type":"product","link":"https:\/\/celsonido123.com\/index.php\/product\/diademas-movisun-k-50\/","title":{"rendered":"Diademas Movisun k-50"},"content":{"rendered":"<p>Experimenta el sonido innovador con la Diadema Movisun K50. Compacta y c\u00f3moda, con Bluetooth 5.4 para una conexi\u00f3n estable hasta 10 metros. Gestiona llamadas y m\u00fasica con facilidad. Eleva tu experiencia auditiva con estilo.<\/p>\n","protected":false},"excerpt":{"rendered":"<p>Experimenta el sonido innovador con la Diadema Movisun K50. Compacta y c\u00f3moda, con Bluetooth 5.4 para una conexi\u00f3n estable hasta<\/p>\n","protected":false},"featured_media":11892,"comment_status":"open","ping_status":"closed","template":"","meta":[],"product_cat":[83],"product_tag":[],"_links":{"self":[{"href":"https:\/\/celsonido123.com\/index.php\/wp-json\/wp\/v2\/product\/11891"}],"collection":[{"href":"https:\/\/celsonido123.com\/index.php\/wp-json\/wp\/v2\/product"}],"about":[{"href":"https:\/\/celsonido123.com\/index.php\/wp-json\/wp\/v2\/types\/product"}],"replies":[{"embeddable":true,"href":"https:\/\/celsonido123.com\/index.php\/wp-json\/wp\/v2\/comments?post=11891"}],"version-history":[{"count":1,"href":"https:\/\/celsonido123.com\/index.php\/wp-json\/wp\/v2\/product\/11891\/revisions"}],"predecessor-version":[{"id":11893,"href":"https:\/\/celsonido123.com\/index.php\/wp-json\/wp\/v2\/product\/11891\/revisions\/11893"}],"wp:featuredmedia":[{"embeddable":true,"href":"https:\/\/celsonido123.com\/index.php\/wp-json\/wp\/v2\/media\/11892"}],"wp:attachment":[{"href":"https:\/\/celsonido123.com\/index.php\/wp-json\/wp\/v2\/media?parent=11891"}],"wp:term":[{"taxonomy":"product_cat","embeddable":true,"href":"https:\/\/celsonido123.com\/index.php\/wp-json\/wp\/v2\/product_cat?post=11891"},{"taxonomy":"product_tag","embeddable":true,"href":"https:\/\/celsonido123.com\/index.php\/wp-json\/wp\/v2\/product_tag?post=11891"}],"curies":[{"name":"wp","href":"https:\/\/api.w.org\/{rel}","templated":true}]}}