{"id":11894,"date":"2025-05-23T20:47:23","date_gmt":"2025-05-23T20:47:23","guid":{"rendered":"https:\/\/celsonido123.com\/?post_type=product&#038;p=11894"},"modified":"2025-05-23T20:47:23","modified_gmt":"2025-05-23T20:47:23","slug":"diadema-movisun-k-80","status":"publish","type":"product","link":"https:\/\/celsonido123.com\/index.php\/product\/diadema-movisun-k-80\/","title":{"rendered":"Diadema Movisun k-80"},"content":{"rendered":"<div class=\"woocommerce-product-details__short-description\">\n<p>Los acompa\u00f1antes perfectos para tu d\u00eda a d\u00eda, con un dise\u00f1o ergon\u00f3mico, Larga duraci\u00f3n de bater\u00eda y un sonido super est\u00e9reo<\/p>\n<\/div>\n","protected":false},"excerpt":{"rendered":"<p>Los acompa\u00f1antes perfectos para tu d\u00eda a d\u00eda, con un dise\u00f1o ergon\u00f3mico, Larga duraci\u00f3n de bater\u00eda y un sonido super<\/p>\n","protected":false},"featured_media":11895,"comment_status":"open","ping_status":"closed","template":"","meta":[],"product_cat":[83],"product_tag":[],"_links":{"self":[{"href":"https:\/\/celsonido123.com\/index.php\/wp-json\/wp\/v2\/product\/11894"}],"collection":[{"href":"https:\/\/celsonido123.com\/index.php\/wp-json\/wp\/v2\/product"}],"about":[{"href":"https:\/\/celsonido123.com\/index.php\/wp-json\/wp\/v2\/types\/product"}],"replies":[{"embeddable":true,"href":"https:\/\/celsonido123.com\/index.php\/wp-json\/wp\/v2\/comments?post=11894"}],"version-history":[{"count":1,"href":"https:\/\/celsonido123.com\/index.php\/wp-json\/wp\/v2\/product\/11894\/revisions"}],"predecessor-version":[{"id":11896,"href":"https:\/\/celsonido123.com\/index.php\/wp-json\/wp\/v2\/product\/11894\/revisions\/11896"}],"wp:featuredmedia":[{"embeddable":true,"href":"https:\/\/celsonido123.com\/index.php\/wp-json\/wp\/v2\/media\/11895"}],"wp:attachment":[{"href":"https:\/\/celsonido123.com\/index.php\/wp-json\/wp\/v2\/media?parent=11894"}],"wp:term":[{"taxonomy":"product_cat","embeddable":true,"href":"https:\/\/celsonido123.com\/index.php\/wp-json\/wp\/v2\/product_cat?post=11894"},{"taxonomy":"product_tag","embeddable":true,"href":"https:\/\/celsonido123.com\/index.php\/wp-json\/wp\/v2\/product_tag?post=11894"}],"curies":[{"name":"wp","href":"https:\/\/api.w.org\/{rel}","templated":true}]}}