{"id":11897,"date":"2025-05-23T21:01:01","date_gmt":"2025-05-23T21:01:01","guid":{"rendered":"https:\/\/celsonido123.com\/?post_type=product&#038;p=11897"},"modified":"2025-05-23T21:01:01","modified_gmt":"2025-05-23T21:01:01","slug":"airpods-serie-4","status":"publish","type":"product","link":"https:\/\/celsonido123.com\/index.php\/product\/airpods-serie-4\/","title":{"rendered":"Airpods Serie 4"},"content":{"rendered":"<p>Los AirPods 4\u00aa generaci\u00f3n ofrecen una experiencia de audio completamente renovada. El Aislamiento de Voz mejora la calidad de las llamadas en entornos ruidosos, mientras que el Audio Espacial te brinda una experiencia inmersiva, como en el cine. Su nuevo dise\u00f1o garantiza un ajuste perfecto, comodidad durante todo el d\u00eda y estabilidad en cada movimiento. Vienen con un contorno refinado que ofrece un ajuste natural, la parte inferior m\u00e1s corta con sensor de fuerza para controlar m\u00fasica y llamadas con un toque. \u00a1Compra los tuyos ahora!<\/p>\n","protected":false},"excerpt":{"rendered":"<p>Los AirPods 4\u00aa generaci\u00f3n ofrecen una experiencia de audio completamente renovada. El Aislamiento de Voz mejora la calidad de las<\/p>\n","protected":false},"featured_media":11898,"comment_status":"open","ping_status":"closed","template":"","meta":[],"product_cat":[83],"product_tag":[],"_links":{"self":[{"href":"https:\/\/celsonido123.com\/index.php\/wp-json\/wp\/v2\/product\/11897"}],"collection":[{"href":"https:\/\/celsonido123.com\/index.php\/wp-json\/wp\/v2\/product"}],"about":[{"href":"https:\/\/celsonido123.com\/index.php\/wp-json\/wp\/v2\/types\/product"}],"replies":[{"embeddable":true,"href":"https:\/\/celsonido123.com\/index.php\/wp-json\/wp\/v2\/comments?post=11897"}],"version-history":[{"count":1,"href":"https:\/\/celsonido123.com\/index.php\/wp-json\/wp\/v2\/product\/11897\/revisions"}],"predecessor-version":[{"id":11900,"href":"https:\/\/celsonido123.com\/index.php\/wp-json\/wp\/v2\/product\/11897\/revisions\/11900"}],"wp:featuredmedia":[{"embeddable":true,"href":"https:\/\/celsonido123.com\/index.php\/wp-json\/wp\/v2\/media\/11898"}],"wp:attachment":[{"href":"https:\/\/celsonido123.com\/index.php\/wp-json\/wp\/v2\/media?parent=11897"}],"wp:term":[{"taxonomy":"product_cat","embeddable":true,"href":"https:\/\/celsonido123.com\/index.php\/wp-json\/wp\/v2\/product_cat?post=11897"},{"taxonomy":"product_tag","embeddable":true,"href":"https:\/\/celsonido123.com\/index.php\/wp-json\/wp\/v2\/product_tag?post=11897"}],"curies":[{"name":"wp","href":"https:\/\/api.w.org\/{rel}","templated":true}]}}